{"id":593,"date":"2025-01-29T02:43:19","date_gmt":"2025-01-29T02:43:19","guid":{"rendered":"https:\/\/vandemeerprodutosonline.com.br\/?page_id=593"},"modified":"2025-01-30T00:09:45","modified_gmt":"2025-01-30T00:09:45","slug":"sobre-nos","status":"publish","type":"page","link":"https:\/\/vandemeerprodutosonline.com.br\/?page_id=593","title":{"rendered":"Sobre N\u00f3s"},"content":{"rendered":"\n<p>Bem-vindo \u00e0 <strong>Vandemeer Produtos Online<\/strong>, sua loja virtual de confian\u00e7a! <\/p>\n\n\n\n<p>Aqui, voc\u00ea encontra uma  variedade de produtos com <strong>qualidade garantida<\/strong>, pre\u00e7os competitivos e um atendimento seguro.<\/p>\n\n\n\n<p>Compras protegidas com os melhores sistemas de pagamento.<br> Entrega \u00e1gil para que voc\u00ea receba seus produtos o quanto antes.<br>Suporte sempre dispon\u00edvel para ajudar voc\u00ea<\/p>\n\n\n\n<p>Na <strong>Vandemeer Produtos Online<\/strong>, sua satisfa\u00e7\u00e3o \u00e9 a nossa prioridade! Fa\u00e7a suas compras com praticidade e confian\u00e7a. \ud83d\ude80\ud83d\uded2<\/p>\n","protected":false},"excerpt":{"rendered":"<p>Bem-vindo \u00e0 Vandemeer Produtos Online, sua loja virtual de confian\u00e7a! Aqui, voc\u00ea encontra uma variedade de produtos com qualidade garantida, pre\u00e7os competitivos e um atendimento seguro. Compras protegidas com os melhores sistemas de pagamento. Entrega \u00e1gil para que voc\u00ea receba seus produtos o quanto antes.Suporte sempre dispon\u00edvel para ajudar voc\u00ea Na Vandemeer Produtos Online, sua [&hellip;]<\/p>\n","protected":false},"author":1,"featured_media":0,"parent":0,"menu_order":0,"comment_status":"closed","ping_status":"closed","template":"","meta":{"site-sidebar-layout":"default","site-content-layout":"","ast-site-content-layout":"default","site-content-style":"default","site-sidebar-style":"default","ast-global-header-display":"","ast-banner-title-visibility":"","ast-main-header-display":"","ast-hfb-above-header-display":"","ast-hfb-below-header-display":"","ast-hfb-mobile-header-display":"","site-post-title":"","ast-breadcrumbs-content":"","ast-featured-img":"","footer-sml-layout":"","ast-disable-related-posts":"","theme-transparent-header-meta":"","adv-header-id-meta":"","stick-header-meta":"","header-above-stick-meta":"","header-main-stick-meta":"","header-below-stick-meta":"","astra-migrate-meta-layouts":"default","ast-page-background-enabled":"default","ast-page-background-meta":{"desktop":{"background-color":"var(--ast-global-color-5)","background-image":"","background-repeat":"repeat","background-position":"center center","background-size":"auto","background-attachment":"scroll","background-type":"","background-media":"","overlay-type":"","overlay-color":"","overlay-opacity":"","overlay-gradient":""},"tablet":{"background-color":"","background-image":"","background-repeat":"repeat","background-position":"center center","background-size":"auto","background-attachment":"scroll","background-type":"","background-media":"","overlay-type":"","overlay-color":"","overlay-opacity":"","overlay-gradient":""},"mobile":{"background-color":"","background-image":"","background-repeat":"repeat","background-position":"center center","background-size":"auto","background-attachment":"scroll","background-type":"","background-media":"","overlay-type":"","overlay-color":"","overlay-opacity":"","overlay-gradient":""}},"ast-content-background-meta":{"desktop":{"background-color":"var(--ast-global-color-4)","background-image":"","background-repeat":"repeat","background-position":"center center","background-size":"auto","background-attachment":"scroll","background-type":"","background-media":"","overlay-type":"","overlay-color":"","overlay-opacity":"","overlay-gradient":""},"tablet":{"background-color":"var(--ast-global-color-4)","background-image":"","background-repeat":"repeat","background-position":"center center","background-size":"auto","background-attachment":"scroll","background-type":"","background-media":"","overlay-type":"","overlay-color":"","overlay-opacity":"","overlay-gradient":""},"mobile":{"background-color":"var(--ast-global-color-4)","background-image":"","background-repeat":"repeat","background-position":"center center","background-size":"auto","background-attachment":"scroll","background-type":"","background-media":"","overlay-type":"","overlay-color":"","overlay-opacity":"","overlay-gradient":""}},"footnotes":""},"class_list":["post-593","page","type-page","status-publish","hentry"],"yoast_head":"<!-- This site is optimized with the Yoast SEO plugin v27.3 - https:\/\/yoast.com\/product\/yoast-seo-wordpress\/ -->\n<title>Sobre N\u00f3s -<\/title>\n<meta name=\"robots\" content=\"index, follow, max-snippet:-1, max-image-preview:large, max-video-preview:-1\" \/>\n<link rel=\"canonical\" href=\"https:\/\/vandemeerprodutosonline.com.br\/?page_id=593\" \/>\n<meta property=\"og:locale\" content=\"pt_BR\" \/>\n<meta property=\"og:type\" content=\"article\" \/>\n<meta property=\"og:title\" content=\"Sobre N\u00f3s -\" \/>\n<meta property=\"og:description\" content=\"Bem-vindo \u00e0 Vandemeer Produtos Online, sua loja virtual de confian\u00e7a! Aqui, voc\u00ea encontra uma variedade de produtos com qualidade garantida, pre\u00e7os competitivos e um atendimento seguro. Compras protegidas com os melhores sistemas de pagamento. Entrega \u00e1gil para que voc\u00ea receba seus produtos o quanto antes.Suporte sempre dispon\u00edvel para ajudar voc\u00ea Na Vandemeer Produtos Online, sua [&hellip;]\" \/>\n<meta property=\"og:url\" content=\"https:\/\/vandemeerprodutosonline.com.br\/?page_id=593\" \/>\n<meta property=\"article:modified_time\" content=\"2025-01-30T00:09:45+00:00\" \/>\n<meta name=\"twitter:card\" content=\"summary_large_image\" \/>\n<meta name=\"twitter:label1\" content=\"Est. tempo de leitura\" \/>\n\t<meta name=\"twitter:data1\" content=\"1 minuto\" \/>\n<script type=\"application\/ld+json\" class=\"yoast-schema-graph\">{\"@context\":\"https:\\\/\\\/schema.org\",\"@graph\":[{\"@type\":\"WebPage\",\"@id\":\"https:\\\/\\\/vandemeerprodutosonline.com.br\\\/?page_id=593\",\"url\":\"https:\\\/\\\/vandemeerprodutosonline.com.br\\\/?page_id=593\",\"name\":\"Sobre N\u00f3s -\",\"isPartOf\":{\"@id\":\"https:\\\/\\\/vandemeerprodutosonline.com.br\\\/#website\"},\"datePublished\":\"2025-01-29T02:43:19+00:00\",\"dateModified\":\"2025-01-30T00:09:45+00:00\",\"breadcrumb\":{\"@id\":\"https:\\\/\\\/vandemeerprodutosonline.com.br\\\/?page_id=593#breadcrumb\"},\"inLanguage\":\"pt-BR\",\"potentialAction\":[{\"@type\":\"ReadAction\",\"target\":[\"https:\\\/\\\/vandemeerprodutosonline.com.br\\\/?page_id=593\"]}]},{\"@type\":\"BreadcrumbList\",\"@id\":\"https:\\\/\\\/vandemeerprodutosonline.com.br\\\/?page_id=593#breadcrumb\",\"itemListElement\":[{\"@type\":\"ListItem\",\"position\":1,\"name\":\"In\u00edcio\",\"item\":\"https:\\\/\\\/vandemeerprodutosonline.com.br\\\/\"},{\"@type\":\"ListItem\",\"position\":2,\"name\":\"Sobre N\u00f3s\"}]},{\"@type\":\"WebSite\",\"@id\":\"https:\\\/\\\/vandemeerprodutosonline.com.br\\\/#website\",\"url\":\"https:\\\/\\\/vandemeerprodutosonline.com.br\\\/\",\"name\":\"\",\"description\":\"\",\"potentialAction\":[{\"@type\":\"SearchAction\",\"target\":{\"@type\":\"EntryPoint\",\"urlTemplate\":\"https:\\\/\\\/vandemeerprodutosonline.com.br\\\/?s={search_term_string}\"},\"query-input\":{\"@type\":\"PropertyValueSpecification\",\"valueRequired\":true,\"valueName\":\"search_term_string\"}}],\"inLanguage\":\"pt-BR\"}]}<\/script>\n<!-- \/ Yoast SEO plugin. -->","yoast_head_json":{"title":"Sobre N\u00f3s -","robots":{"index":"index","follow":"follow","max-snippet":"max-snippet:-1","max-image-preview":"max-image-preview:large","max-video-preview":"max-video-preview:-1"},"canonical":"https:\/\/vandemeerprodutosonline.com.br\/?page_id=593","og_locale":"pt_BR","og_type":"article","og_title":"Sobre N\u00f3s -","og_description":"Bem-vindo \u00e0 Vandemeer Produtos Online, sua loja virtual de confian\u00e7a! Aqui, voc\u00ea encontra uma variedade de produtos com qualidade garantida, pre\u00e7os competitivos e um atendimento seguro. Compras protegidas com os melhores sistemas de pagamento. Entrega \u00e1gil para que voc\u00ea receba seus produtos o quanto antes.Suporte sempre dispon\u00edvel para ajudar voc\u00ea Na Vandemeer Produtos Online, sua [&hellip;]","og_url":"https:\/\/vandemeerprodutosonline.com.br\/?page_id=593","article_modified_time":"2025-01-30T00:09:45+00:00","twitter_card":"summary_large_image","twitter_misc":{"Est. tempo de leitura":"1 minuto"},"schema":{"@context":"https:\/\/schema.org","@graph":[{"@type":"WebPage","@id":"https:\/\/vandemeerprodutosonline.com.br\/?page_id=593","url":"https:\/\/vandemeerprodutosonline.com.br\/?page_id=593","name":"Sobre N\u00f3s -","isPartOf":{"@id":"https:\/\/vandemeerprodutosonline.com.br\/#website"},"datePublished":"2025-01-29T02:43:19+00:00","dateModified":"2025-01-30T00:09:45+00:00","breadcrumb":{"@id":"https:\/\/vandemeerprodutosonline.com.br\/?page_id=593#breadcrumb"},"inLanguage":"pt-BR","potentialAction":[{"@type":"ReadAction","target":["https:\/\/vandemeerprodutosonline.com.br\/?page_id=593"]}]},{"@type":"BreadcrumbList","@id":"https:\/\/vandemeerprodutosonline.com.br\/?page_id=593#breadcrumb","itemListElement":[{"@type":"ListItem","position":1,"name":"In\u00edcio","item":"https:\/\/vandemeerprodutosonline.com.br\/"},{"@type":"ListItem","position":2,"name":"Sobre N\u00f3s"}]},{"@type":"WebSite","@id":"https:\/\/vandemeerprodutosonline.com.br\/#website","url":"https:\/\/vandemeerprodutosonline.com.br\/","name":"","description":"","potentialAction":[{"@type":"SearchAction","target":{"@type":"EntryPoint","urlTemplate":"https:\/\/vandemeerprodutosonline.com.br\/?s={search_term_string}"},"query-input":{"@type":"PropertyValueSpecification","valueRequired":true,"valueName":"search_term_string"}}],"inLanguage":"pt-BR"}]}},"_links":{"self":[{"href":"https:\/\/vandemeerprodutosonline.com.br\/index.php?rest_route=\/wp\/v2\/pages\/593","targetHints":{"allow":["GET"]}}],"collection":[{"href":"https:\/\/vandemeerprodutosonline.com.br\/index.php?rest_route=\/wp\/v2\/pages"}],"about":[{"href":"https:\/\/vandemeerprodutosonline.com.br\/index.php?rest_route=\/wp\/v2\/types\/page"}],"author":[{"embeddable":true,"href":"https:\/\/vandemeerprodutosonline.com.br\/index.php?rest_route=\/wp\/v2\/users\/1"}],"replies":[{"embeddable":true,"href":"https:\/\/vandemeerprodutosonline.com.br\/index.php?rest_route=%2Fwp%2Fv2%2Fcomments&post=593"}],"version-history":[{"count":2,"href":"https:\/\/vandemeerprodutosonline.com.br\/index.php?rest_route=\/wp\/v2\/pages\/593\/revisions"}],"predecessor-version":[{"id":747,"href":"https:\/\/vandemeerprodutosonline.com.br\/index.php?rest_route=\/wp\/v2\/pages\/593\/revisions\/747"}],"wp:attachment":[{"href":"https:\/\/vandemeerprodutosonline.com.br\/index.php?rest_route=%2Fwp%2Fv2%2Fmedia&parent=593"}],"curies":[{"name":"wp","href":"https:\/\/api.w.org\/{rel}","templated":true}]}}