{"id":971,"date":"2025-03-30T15:35:32","date_gmt":"2025-03-30T15:35:32","guid":{"rendered":"https:\/\/vandemeerprodutosonline.com.br\/?page_id=971"},"modified":"2025-04-10T17:55:03","modified_gmt":"2025-04-10T17:55:03","slug":"sb2-turbo","status":"publish","type":"page","link":"https:\/\/vandemeerprodutosonline.com.br\/?page_id=971","title":{"rendered":"SB2 TURBO"},"content":{"rendered":"\t\t<div data-elementor-type=\"wp-page\" data-elementor-id=\"971\" class=\"elementor elementor-971\">\n\t\t\t\t<div class=\"elementor-element elementor-element-348834f e-flex e-con-boxed e-con e-parent\" data-id=\"348834f\" data-element_type=\"container\" data-e-type=\"container\" data-settings=\"{&quot;background_background&quot;:&quot;classic&quot;}\">\n\t\t\t\t\t<div class=\"e-con-inner\">\n\t\t\t\t<div class=\"elementor-element elementor-element-310f286 elementor-widget elementor-widget-image\" data-id=\"310f286\" data-element_type=\"widget\" data-e-type=\"widget\" data-widget_type=\"image.default\">\n\t\t\t\t<div class=\"elementor-widget-container\">\n\t\t\t\t\t\t\t\t\t\t\t\t\t\t\t<img fetchpriority=\"high\" decoding=\"async\" width=\"1024\" height=\"470\" src=\"https:\/\/vandemeerprodutosonline.com.br\/wp-content\/uploads\/2025\/03\/TOTAL-1024x470.png\" class=\"attachment-large size-large wp-image-981\" alt=\"\" srcset=\"https:\/\/vandemeerprodutosonline.com.br\/wp-content\/uploads\/2025\/03\/TOTAL-1024x470.png 1024w, https:\/\/vandemeerprodutosonline.com.br\/wp-content\/uploads\/2025\/03\/TOTAL-300x138.png 300w, https:\/\/vandemeerprodutosonline.com.br\/wp-content\/uploads\/2025\/03\/TOTAL-768x352.png 768w, https:\/\/vandemeerprodutosonline.com.br\/wp-content\/uploads\/2025\/03\/TOTAL-1536x705.png 1536w, https:\/\/vandemeerprodutosonline.com.br\/wp-content\/uploads\/2025\/03\/TOTAL-600x275.png 600w, https:\/\/vandemeerprodutosonline.com.br\/wp-content\/uploads\/2025\/03\/TOTAL.png 1811w\" sizes=\"(max-width: 1024px) 100vw, 1024px\" \/>\t\t\t\t\t\t\t\t\t\t\t\t\t\t\t<\/div>\n\t\t\t\t<\/div>\n\t\t\t\t\t<\/div>\n\t\t\t\t<\/div>\n\t\t<div class=\"elementor-element elementor-element-af38073 e-flex e-con-boxed e-con e-parent\" data-id=\"af38073\" data-element_type=\"container\" data-e-type=\"container\" data-settings=\"{&quot;background_background&quot;:&quot;classic&quot;}\">\n\t\t\t\t\t<div class=\"e-con-inner\">\n\t\t\t\t<div class=\"elementor-element elementor-element-56f8dc0 elementor-widget elementor-widget-button\" data-id=\"56f8dc0\" data-element_type=\"widget\" data-e-type=\"widget\" data-widget_type=\"button.default\">\n\t\t\t\t<div class=\"elementor-widget-container\">\n\t\t\t\t\t\t\t\t\t<div class=\"elementor-button-wrapper\">\n\t\t\t\t\t<a class=\"elementor-button elementor-button-link elementor-size-sm\" href=\"https:\/\/ev.braip.com\/campanhas\/cpa\/camrmm7r9\">\n\t\t\t\t\t\t<span class=\"elementor-button-content-wrapper\">\n\t\t\t\t\t\t\t\t\t<span class=\"elementor-button-text\">CLIQUE AQUI!<\/span>\n\t\t\t\t\t<\/span>\n\t\t\t\t\t<\/a>\n\t\t\t\t<\/div>\n\t\t\t\t\t\t\t\t<\/div>\n\t\t\t\t<\/div>\n\t\t\t\t\t<\/div>\n\t\t\t\t<\/div>\n\t\t<div class=\"elementor-element elementor-element-fd58df7 e-flex e-con-boxed e-con e-parent\" data-id=\"fd58df7\" data-element_type=\"container\" data-e-type=\"container\" data-settings=\"{&quot;background_background&quot;:&quot;classic&quot;}\">\n\t\t\t\t\t<div class=\"e-con-inner\">\n\t\t<div class=\"elementor-element elementor-element-b10614f e-con-full e-flex e-con e-child\" data-id=\"b10614f\" data-element_type=\"container\" data-e-type=\"container\">\n\t\t\t\t<div class=\"elementor-element elementor-element-b00240b elementor-widget elementor-widget-text-editor\" data-id=\"b00240b\" data-element_type=\"widget\" data-e-type=\"widget\" data-widget_type=\"text-editor.default\">\n\t\t\t\t<div class=\"elementor-widget-container\">\n\t\t\t\t\t\t\t\t\t<div class=\"elementor-element elementor-element-3eacbff elementor-widget elementor-widget-heading\" data-id=\"3eacbff\" data-element_type=\"widget\" data-widget_type=\"heading.default\"><div class=\"elementor-widget-container\"><h2 class=\"elementor-heading-title elementor-size-default\"><span style=\"color: #ffffff;\">Imagine viver com mais energia, confian\u00e7a e leveza<\/span><\/h2><\/div><\/div><div class=\"elementor-element elementor-element-311ae76 elementor-widget elementor-widget-text-editor\" data-id=\"311ae76\" data-element_type=\"widget\" data-widget_type=\"text-editor.default\"><div class=\"elementor-widget-container\"><span style=\"color: #ffffff;\">O SB2 Turbo \u00e9 o aliado perfeito para quem deseja emagrecer com sa\u00fade e seguran\u00e7a. Nossa f\u00f3rmula exclusiva, baseada em ingredientes naturais de alta performance, foi desenvolvida para ajudar voc\u00ea a:<\/span><\/div><\/div><div class=\"elementor-element elementor-element-aabb740 elementor-widget elementor-widget-text-editor\" data-id=\"aabb740\" data-element_type=\"widget\" data-widget_type=\"text-editor.default\"><div class=\"elementor-widget-container\"><span style=\"color: #ffffff;\">\u00a0Reduzir medidas de forma acelerada e eficaz.<\/span><\/div><\/div><div class=\"elementor-element elementor-element-25a978b elementor-widget elementor-widget-text-editor\" data-id=\"25a978b\" data-element_type=\"widget\" data-widget_type=\"text-editor.default\"><div class=\"elementor-widget-container\"><span style=\"color: #ffffff;\">\u00a0Controlar a fome e evitar compuls\u00f5es.<\/span><\/div><\/div><div class=\"elementor-element elementor-element-40f9037 elementor-widget elementor-widget-text-editor\" data-id=\"40f9037\" data-element_type=\"widget\" data-widget_type=\"text-editor.default\"><div class=\"elementor-widget-container\"><span style=\"color: #ffffff;\">\u00a0Aumentar sua energia e disposi\u00e7\u00e3o di\u00e1ria.<\/span><\/div><\/div><div class=\"elementor-element elementor-element-4c9b1df elementor-widget elementor-widget-text-editor\" data-id=\"4c9b1df\" data-element_type=\"widget\" data-widget_type=\"text-editor.default\"><div class=\"elementor-widget-container\"><span style=\"color: #ffffff;\">\u00a0Resgatar sua autoestima e bem-estar.<\/span><\/div><\/div><div class=\"elementor-element elementor-element-8a0ca19 elementor-widget elementor-widget-text-editor\" data-id=\"8a0ca19\" data-element_type=\"widget\" data-widget_type=\"text-editor.default\"><div class=\"elementor-widget-container\"><span style=\"color: #ffffff;\">N\u00e3o espere mais! O SB2 Turbo \u00e9 a chave para transformar seu corpo e sua vida.<\/span><\/div><\/div><div class=\"elementor-element elementor-element-3aaadea elementor-widget elementor-widget-text-editor\" data-id=\"3aaadea\" data-element_type=\"widget\" data-widget_type=\"text-editor.default\"><div class=\"elementor-widget-container\"><span style=\"color: #ffffff;\">Transforme-se hoje mesmo com SB2 Turbo!<\/span><\/div><\/div>\t\t\t\t\t\t\t\t<\/div>\n\t\t\t\t<\/div>\n\t\t\t\t<\/div>\n\t\t<div class=\"elementor-element elementor-element-4deef20 e-con-full e-flex e-con e-child\" data-id=\"4deef20\" data-element_type=\"container\" data-e-type=\"container\">\n\t\t\t\t<div class=\"elementor-element elementor-element-eae001b elementor-widget elementor-widget-image\" data-id=\"eae001b\" data-element_type=\"widget\" data-e-type=\"widget\" data-widget_type=\"image.default\">\n\t\t\t\t<div class=\"elementor-widget-container\">\n\t\t\t\t\t\t\t\t\t\t\t\t\t\t\t<img decoding=\"async\" width=\"1024\" height=\"976\" src=\"https:\/\/vandemeerprodutosonline.com.br\/wp-content\/uploads\/2025\/01\/sb2-cir-1024x976.jpg\" class=\"attachment-large size-large wp-image-409\" alt=\"\" srcset=\"https:\/\/vandemeerprodutosonline.com.br\/wp-content\/uploads\/2025\/01\/sb2-cir-1024x976.jpg 1024w, https:\/\/vandemeerprodutosonline.com.br\/wp-content\/uploads\/2025\/01\/sb2-cir-300x286.jpg 300w, https:\/\/vandemeerprodutosonline.com.br\/wp-content\/uploads\/2025\/01\/sb2-cir-768x732.jpg 768w, https:\/\/vandemeerprodutosonline.com.br\/wp-content\/uploads\/2025\/01\/sb2-cir-600x572.jpg 600w, https:\/\/vandemeerprodutosonline.com.br\/wp-content\/uploads\/2025\/01\/sb2-cir.jpg 1080w\" sizes=\"(max-width: 1024px) 100vw, 1024px\" \/>\t\t\t\t\t\t\t\t\t\t\t\t\t\t\t<\/div>\n\t\t\t\t<\/div>\n\t\t\t\t<\/div>\n\t\t\t\t\t<\/div>\n\t\t\t\t<\/div>\n\t\t<div class=\"elementor-element elementor-element-660af79 e-flex e-con-boxed e-con e-parent\" data-id=\"660af79\" data-element_type=\"container\" data-e-type=\"container\">\n\t\t\t\t\t<div class=\"e-con-inner\">\n\t\t\t\t<div class=\"elementor-element elementor-element-c4d5b18 elementor-widget elementor-widget-image\" data-id=\"c4d5b18\" data-element_type=\"widget\" data-e-type=\"widget\" data-widget_type=\"image.default\">\n\t\t\t\t<div class=\"elementor-widget-container\">\n\t\t\t\t\t\t\t\t\t\t\t\t\t\t\t<img decoding=\"async\" width=\"1024\" height=\"343\" src=\"https:\/\/vandemeerprodutosonline.com.br\/wp-content\/uploads\/2025\/03\/MOCA-1024x343.png\" class=\"attachment-large size-large wp-image-986\" alt=\"\" srcset=\"https:\/\/vandemeerprodutosonline.com.br\/wp-content\/uploads\/2025\/03\/MOCA-1024x343.png 1024w, https:\/\/vandemeerprodutosonline.com.br\/wp-content\/uploads\/2025\/03\/MOCA-300x100.png 300w, https:\/\/vandemeerprodutosonline.com.br\/wp-content\/uploads\/2025\/03\/MOCA-768x257.png 768w, https:\/\/vandemeerprodutosonline.com.br\/wp-content\/uploads\/2025\/03\/MOCA-1536x514.png 1536w, https:\/\/vandemeerprodutosonline.com.br\/wp-content\/uploads\/2025\/03\/MOCA-600x201.png 600w, https:\/\/vandemeerprodutosonline.com.br\/wp-content\/uploads\/2025\/03\/MOCA.png 1572w\" sizes=\"(max-width: 1024px) 100vw, 1024px\" \/>\t\t\t\t\t\t\t\t\t\t\t\t\t\t\t<\/div>\n\t\t\t\t<\/div>\n\t\t\t\t\t<\/div>\n\t\t\t\t<\/div>\n\t\t<div class=\"elementor-element elementor-element-af76da2 e-flex e-con-boxed e-con e-parent\" data-id=\"af76da2\" data-element_type=\"container\" data-e-type=\"container\">\n\t\t\t\t\t<div class=\"e-con-inner\">\n\t\t\t\t<div class=\"elementor-element elementor-element-7725d5c elementor-widget elementor-widget-image\" data-id=\"7725d5c\" data-element_type=\"widget\" data-e-type=\"widget\" data-widget_type=\"image.default\">\n\t\t\t\t<div class=\"elementor-widget-container\">\n\t\t\t\t\t\t\t\t\t\t\t\t\t\t\t<img loading=\"lazy\" decoding=\"async\" width=\"1024\" height=\"512\" src=\"https:\/\/vandemeerprodutosonline.com.br\/wp-content\/uploads\/2025\/03\/TOTAL2-1024x512.png\" class=\"attachment-large size-large wp-image-990\" alt=\"\" srcset=\"https:\/\/vandemeerprodutosonline.com.br\/wp-content\/uploads\/2025\/03\/TOTAL2-1024x512.png 1024w, https:\/\/vandemeerprodutosonline.com.br\/wp-content\/uploads\/2025\/03\/TOTAL2-300x150.png 300w, https:\/\/vandemeerprodutosonline.com.br\/wp-content\/uploads\/2025\/03\/TOTAL2-768x384.png 768w, https:\/\/vandemeerprodutosonline.com.br\/wp-content\/uploads\/2025\/03\/TOTAL2-1536x768.png 1536w, https:\/\/vandemeerprodutosonline.com.br\/wp-content\/uploads\/2025\/03\/TOTAL2-600x300.png 600w, https:\/\/vandemeerprodutosonline.com.br\/wp-content\/uploads\/2025\/03\/TOTAL2.png 1743w\" sizes=\"(max-width: 1024px) 100vw, 1024px\" \/>\t\t\t\t\t\t\t\t\t\t\t\t\t\t\t<\/div>\n\t\t\t\t<\/div>\n\t\t\t\t\t<\/div>\n\t\t\t\t<\/div>\n\t\t<div class=\"elementor-element elementor-element-dae5aa4 e-flex e-con-boxed e-con e-parent\" data-id=\"dae5aa4\" data-element_type=\"container\" data-e-type=\"container\">\n\t\t\t\t\t<div class=\"e-con-inner\">\n\t\t\t\t<div class=\"elementor-element elementor-element-d2f4116 elementor-widget elementor-widget-button\" data-id=\"d2f4116\" data-element_type=\"widget\" data-e-type=\"widget\" data-widget_type=\"button.default\">\n\t\t\t\t<div class=\"elementor-widget-container\">\n\t\t\t\t\t\t\t\t\t<div class=\"elementor-button-wrapper\">\n\t\t\t\t\t<a class=\"elementor-button elementor-button-link elementor-size-sm\" href=\"https:\/\/ev.braip.com\/campanhas\/cpa\/camrmm7r9\">\n\t\t\t\t\t\t<span class=\"elementor-button-content-wrapper\">\n\t\t\t\t\t\t\t\t\t<span class=\"elementor-button-text\">CLIQUE AQUI!<\/span>\n\t\t\t\t\t<\/span>\n\t\t\t\t\t<\/a>\n\t\t\t\t<\/div>\n\t\t\t\t\t\t\t\t<\/div>\n\t\t\t\t<\/div>\n\t\t\t\t\t<\/div>\n\t\t\t\t<\/div>\n\t\t<div class=\"elementor-element elementor-element-ace44e0 e-flex e-con-boxed e-con e-parent\" data-id=\"ace44e0\" data-element_type=\"container\" data-e-type=\"container\">\n\t\t\t\t\t<div class=\"e-con-inner\">\n\t\t\t\t<div class=\"elementor-element elementor-element-0fe83ad elementor-widget elementor-widget-spacer\" data-id=\"0fe83ad\" data-element_type=\"widget\" data-e-type=\"widget\" data-widget_type=\"spacer.default\">\n\t\t\t\t<div class=\"elementor-widget-container\">\n\t\t\t\t\t\t\t<div class=\"elementor-spacer\">\n\t\t\t<div class=\"elementor-spacer-inner\"><\/div>\n\t\t<\/div>\n\t\t\t\t\t\t<\/div>\n\t\t\t\t<\/div>\n\t\t\t\t\t<\/div>\n\t\t\t\t<\/div>\n\t\t\t\t<\/div>\n\t\t","protected":false},"excerpt":{"rendered":"<p>CLIQUE AQUI! Imagine viver com mais energia, confian\u00e7a e leveza O SB2 Turbo \u00e9 o aliado perfeito para quem deseja emagrecer com sa\u00fade e seguran\u00e7a. Nossa f\u00f3rmula exclusiva, baseada em ingredientes naturais de alta performance, foi desenvolvida para ajudar voc\u00ea a:\u00a0Reduzir medidas de forma acelerada e eficaz.\u00a0Controlar a fome e evitar compuls\u00f5es.\u00a0Aumentar sua energia e [&hellip;]<\/p>\n","protected":false},"author":1,"featured_media":0,"parent":0,"menu_order":0,"comment_status":"closed","ping_status":"closed","template":"elementor_canvas","meta":{"site-sidebar-layout":"no-sidebar","site-content-layout":"","ast-site-content-layout":"full-width-container","site-content-style":"default","site-sidebar-style":"default","ast-global-header-display":"","ast-banner-title-visibility":"","ast-main-header-display":"","ast-hfb-above-header-display":"","ast-hfb-below-header-display":"","ast-hfb-mobile-header-display":"","site-post-title":"disabled","ast-breadcrumbs-content":"","ast-featured-img":"disabled","footer-sml-layout":"","ast-disable-related-posts":"","theme-transparent-header-meta":"","adv-header-id-meta":"","stick-header-meta":"","header-above-stick-meta":"","header-main-stick-meta":"","header-below-stick-meta":"","astra-migrate-meta-layouts":"default","ast-page-background-enabled":"default","ast-page-background-meta":{"desktop":{"background-color":"var(--ast-global-color-5)","background-image":"","background-repeat":"repeat","background-position":"center center","background-size":"auto","background-attachment":"scroll","background-type":"","background-media":"","overlay-type":"","overlay-color":"","overlay-opacity":"","overlay-gradient":""},"tablet":{"background-color":"","background-image":"","background-repeat":"repeat","background-position":"center center","background-size":"auto","background-attachment":"scroll","background-type":"","background-media":"","overlay-type":"","overlay-color":"","overlay-opacity":"","overlay-gradient":""},"mobile":{"background-color":"","background-image":"","background-repeat":"repeat","background-position":"center center","background-size":"auto","background-attachment":"scroll","background-type":"","background-media":"","overlay-type":"","overlay-color":"","overlay-opacity":"","overlay-gradient":""}},"ast-content-background-meta":{"desktop":{"background-color":"var(--ast-global-color-4)","background-image":"","background-repeat":"repeat","background-position":"center center","background-size":"auto","background-attachment":"scroll","background-type":"","background-media":"","overlay-type":"","overlay-color":"","overlay-opacity":"","overlay-gradient":""},"tablet":{"background-color":"var(--ast-global-color-4)","background-image":"","background-repeat":"repeat","background-position":"center center","background-size":"auto","background-attachment":"scroll","background-type":"","background-media":"","overlay-type":"","overlay-color":"","overlay-opacity":"","overlay-gradient":""},"mobile":{"background-color":"var(--ast-global-color-4)","background-image":"","background-repeat":"repeat","background-position":"center center","background-size":"auto","background-attachment":"scroll","background-type":"","background-media":"","overlay-type":"","overlay-color":"","overlay-opacity":"","overlay-gradient":""}},"footnotes":""},"class_list":["post-971","page","type-page","status-publish","hentry"],"yoast_head":"<!-- This site is optimized with the Yoast SEO plugin v27.3 - https:\/\/yoast.com\/product\/yoast-seo-wordpress\/ -->\n<title>SB2 TURBO -<\/title>\n<meta name=\"robots\" content=\"index, follow, max-snippet:-1, max-image-preview:large, max-video-preview:-1\" \/>\n<link rel=\"canonical\" href=\"https:\/\/vandemeerprodutosonline.com.br\/?page_id=971\" \/>\n<meta property=\"og:locale\" content=\"pt_BR\" \/>\n<meta property=\"og:type\" content=\"article\" \/>\n<meta property=\"og:title\" content=\"SB2 TURBO -\" \/>\n<meta property=\"og:description\" content=\"CLIQUE AQUI! Imagine viver com mais energia, confian\u00e7a e leveza O SB2 Turbo \u00e9 o aliado perfeito para quem deseja emagrecer com sa\u00fade e seguran\u00e7a. Nossa f\u00f3rmula exclusiva, baseada em ingredientes naturais de alta performance, foi desenvolvida para ajudar voc\u00ea a:\u00a0Reduzir medidas de forma acelerada e eficaz.\u00a0Controlar a fome e evitar compuls\u00f5es.\u00a0Aumentar sua energia e [&hellip;]\" \/>\n<meta property=\"og:url\" content=\"https:\/\/vandemeerprodutosonline.com.br\/?page_id=971\" \/>\n<meta property=\"article:modified_time\" content=\"2025-04-10T17:55:03+00:00\" \/>\n<meta property=\"og:image\" content=\"https:\/\/vandemeerprodutosonline.com.br\/wp-content\/uploads\/2025\/03\/TOTAL.png\" \/>\n\t<meta property=\"og:image:width\" content=\"1811\" \/>\n\t<meta property=\"og:image:height\" content=\"831\" \/>\n\t<meta property=\"og:image:type\" content=\"image\/png\" \/>\n<meta name=\"twitter:card\" content=\"summary_large_image\" \/>\n<meta name=\"twitter:label1\" content=\"Est. tempo de leitura\" \/>\n\t<meta name=\"twitter:data1\" content=\"2 minutos\" \/>\n<script type=\"application\/ld+json\" class=\"yoast-schema-graph\">{\"@context\":\"https:\\\/\\\/schema.org\",\"@graph\":[{\"@type\":\"WebPage\",\"@id\":\"https:\\\/\\\/vandemeerprodutosonline.com.br\\\/?page_id=971\",\"url\":\"https:\\\/\\\/vandemeerprodutosonline.com.br\\\/?page_id=971\",\"name\":\"SB2 TURBO -\",\"isPartOf\":{\"@id\":\"https:\\\/\\\/vandemeerprodutosonline.com.br\\\/#website\"},\"primaryImageOfPage\":{\"@id\":\"https:\\\/\\\/vandemeerprodutosonline.com.br\\\/?page_id=971#primaryimage\"},\"image\":{\"@id\":\"https:\\\/\\\/vandemeerprodutosonline.com.br\\\/?page_id=971#primaryimage\"},\"thumbnailUrl\":\"https:\\\/\\\/vandemeerprodutosonline.com.br\\\/wp-content\\\/uploads\\\/2025\\\/03\\\/TOTAL-1024x470.png\",\"datePublished\":\"2025-03-30T15:35:32+00:00\",\"dateModified\":\"2025-04-10T17:55:03+00:00\",\"breadcrumb\":{\"@id\":\"https:\\\/\\\/vandemeerprodutosonline.com.br\\\/?page_id=971#breadcrumb\"},\"inLanguage\":\"pt-BR\",\"potentialAction\":[{\"@type\":\"ReadAction\",\"target\":[\"https:\\\/\\\/vandemeerprodutosonline.com.br\\\/?page_id=971\"]}]},{\"@type\":\"ImageObject\",\"inLanguage\":\"pt-BR\",\"@id\":\"https:\\\/\\\/vandemeerprodutosonline.com.br\\\/?page_id=971#primaryimage\",\"url\":\"https:\\\/\\\/vandemeerprodutosonline.com.br\\\/wp-content\\\/uploads\\\/2025\\\/03\\\/TOTAL.png\",\"contentUrl\":\"https:\\\/\\\/vandemeerprodutosonline.com.br\\\/wp-content\\\/uploads\\\/2025\\\/03\\\/TOTAL.png\",\"width\":1811,\"height\":831},{\"@type\":\"BreadcrumbList\",\"@id\":\"https:\\\/\\\/vandemeerprodutosonline.com.br\\\/?page_id=971#breadcrumb\",\"itemListElement\":[{\"@type\":\"ListItem\",\"position\":1,\"name\":\"In\u00edcio\",\"item\":\"https:\\\/\\\/vandemeerprodutosonline.com.br\\\/\"},{\"@type\":\"ListItem\",\"position\":2,\"name\":\"SB2 TURBO\"}]},{\"@type\":\"WebSite\",\"@id\":\"https:\\\/\\\/vandemeerprodutosonline.com.br\\\/#website\",\"url\":\"https:\\\/\\\/vandemeerprodutosonline.com.br\\\/\",\"name\":\"\",\"description\":\"\",\"potentialAction\":[{\"@type\":\"SearchAction\",\"target\":{\"@type\":\"EntryPoint\",\"urlTemplate\":\"https:\\\/\\\/vandemeerprodutosonline.com.br\\\/?s={search_term_string}\"},\"query-input\":{\"@type\":\"PropertyValueSpecification\",\"valueRequired\":true,\"valueName\":\"search_term_string\"}}],\"inLanguage\":\"pt-BR\"}]}<\/script>\n<!-- \/ Yoast SEO plugin. -->","yoast_head_json":{"title":"SB2 TURBO -","robots":{"index":"index","follow":"follow","max-snippet":"max-snippet:-1","max-image-preview":"max-image-preview:large","max-video-preview":"max-video-preview:-1"},"canonical":"https:\/\/vandemeerprodutosonline.com.br\/?page_id=971","og_locale":"pt_BR","og_type":"article","og_title":"SB2 TURBO -","og_description":"CLIQUE AQUI! Imagine viver com mais energia, confian\u00e7a e leveza O SB2 Turbo \u00e9 o aliado perfeito para quem deseja emagrecer com sa\u00fade e seguran\u00e7a. Nossa f\u00f3rmula exclusiva, baseada em ingredientes naturais de alta performance, foi desenvolvida para ajudar voc\u00ea a:\u00a0Reduzir medidas de forma acelerada e eficaz.\u00a0Controlar a fome e evitar compuls\u00f5es.\u00a0Aumentar sua energia e [&hellip;]","og_url":"https:\/\/vandemeerprodutosonline.com.br\/?page_id=971","article_modified_time":"2025-04-10T17:55:03+00:00","og_image":[{"width":1811,"height":831,"url":"https:\/\/vandemeerprodutosonline.com.br\/wp-content\/uploads\/2025\/03\/TOTAL.png","type":"image\/png"}],"twitter_card":"summary_large_image","twitter_misc":{"Est. tempo de leitura":"2 minutos"},"schema":{"@context":"https:\/\/schema.org","@graph":[{"@type":"WebPage","@id":"https:\/\/vandemeerprodutosonline.com.br\/?page_id=971","url":"https:\/\/vandemeerprodutosonline.com.br\/?page_id=971","name":"SB2 TURBO -","isPartOf":{"@id":"https:\/\/vandemeerprodutosonline.com.br\/#website"},"primaryImageOfPage":{"@id":"https:\/\/vandemeerprodutosonline.com.br\/?page_id=971#primaryimage"},"image":{"@id":"https:\/\/vandemeerprodutosonline.com.br\/?page_id=971#primaryimage"},"thumbnailUrl":"https:\/\/vandemeerprodutosonline.com.br\/wp-content\/uploads\/2025\/03\/TOTAL-1024x470.png","datePublished":"2025-03-30T15:35:32+00:00","dateModified":"2025-04-10T17:55:03+00:00","breadcrumb":{"@id":"https:\/\/vandemeerprodutosonline.com.br\/?page_id=971#breadcrumb"},"inLanguage":"pt-BR","potentialAction":[{"@type":"ReadAction","target":["https:\/\/vandemeerprodutosonline.com.br\/?page_id=971"]}]},{"@type":"ImageObject","inLanguage":"pt-BR","@id":"https:\/\/vandemeerprodutosonline.com.br\/?page_id=971#primaryimage","url":"https:\/\/vandemeerprodutosonline.com.br\/wp-content\/uploads\/2025\/03\/TOTAL.png","contentUrl":"https:\/\/vandemeerprodutosonline.com.br\/wp-content\/uploads\/2025\/03\/TOTAL.png","width":1811,"height":831},{"@type":"BreadcrumbList","@id":"https:\/\/vandemeerprodutosonline.com.br\/?page_id=971#breadcrumb","itemListElement":[{"@type":"ListItem","position":1,"name":"In\u00edcio","item":"https:\/\/vandemeerprodutosonline.com.br\/"},{"@type":"ListItem","position":2,"name":"SB2 TURBO"}]},{"@type":"WebSite","@id":"https:\/\/vandemeerprodutosonline.com.br\/#website","url":"https:\/\/vandemeerprodutosonline.com.br\/","name":"","description":"","potentialAction":[{"@type":"SearchAction","target":{"@type":"EntryPoint","urlTemplate":"https:\/\/vandemeerprodutosonline.com.br\/?s={search_term_string}"},"query-input":{"@type":"PropertyValueSpecification","valueRequired":true,"valueName":"search_term_string"}}],"inLanguage":"pt-BR"}]}},"_links":{"self":[{"href":"https:\/\/vandemeerprodutosonline.com.br\/index.php?rest_route=\/wp\/v2\/pages\/971","targetHints":{"allow":["GET"]}}],"collection":[{"href":"https:\/\/vandemeerprodutosonline.com.br\/index.php?rest_route=\/wp\/v2\/pages"}],"about":[{"href":"https:\/\/vandemeerprodutosonline.com.br\/index.php?rest_route=\/wp\/v2\/types\/page"}],"author":[{"embeddable":true,"href":"https:\/\/vandemeerprodutosonline.com.br\/index.php?rest_route=\/wp\/v2\/users\/1"}],"replies":[{"embeddable":true,"href":"https:\/\/vandemeerprodutosonline.com.br\/index.php?rest_route=%2Fwp%2Fv2%2Fcomments&post=971"}],"version-history":[{"count":43,"href":"https:\/\/vandemeerprodutosonline.com.br\/index.php?rest_route=\/wp\/v2\/pages\/971\/revisions"}],"predecessor-version":[{"id":1036,"href":"https:\/\/vandemeerprodutosonline.com.br\/index.php?rest_route=\/wp\/v2\/pages\/971\/revisions\/1036"}],"wp:attachment":[{"href":"https:\/\/vandemeerprodutosonline.com.br\/index.php?rest_route=%2Fwp%2Fv2%2Fmedia&parent=971"}],"curies":[{"name":"wp","href":"https:\/\/api.w.org\/{rel}","templated":true}]}}